{"id":1413,"date":"2026-01-25T20:25:40","date_gmt":"2026-01-25T20:25:40","guid":{"rendered":"https:\/\/dma-hack.com\/?page_id=1413"},"modified":"2026-01-25T20:27:06","modified_gmt":"2026-01-25T20:27:06","slug":"shipping","status":"publish","type":"page","link":"https:\/\/dma-hack.com\/fr\/expedition\/","title":{"rendered":"Exp\u00e9dition"},"content":{"rendered":"<div data-elementor-type=\"wp-page\" data-elementor-id=\"1413\" class=\"elementor elementor-1413\" data-elementor-post-type=\"page\">\n\t\t\t\t<div class=\"elementor-element elementor-element-c654206 e-flex e-con-boxed e-con e-parent\" data-id=\"c654206\" data-element_type=\"container\" data-e-type=\"container\" data-settings=\"{&quot;background_background&quot;:&quot;classic&quot;}\">\n\t\t\t\t\t<div class=\"e-con-inner\">\n\t\t\t\t<div class=\"elementor-element elementor-element-25397ad elementor-widget elementor-widget-heading\" data-id=\"25397ad\" data-element_type=\"widget\" data-e-type=\"widget\" data-widget_type=\"heading.default\">\n\t\t\t\t\t<h1 class=\"elementor-heading-title elementor-size-default\">Exp\u00e9dition<\/h1>\t\t\t\t<\/div>\n\t\t\t\t<div class=\"elementor-element elementor-element-527e6a4 elementor-widget elementor-widget-text-editor\" data-id=\"527e6a4\" data-element_type=\"widget\" data-e-type=\"widget\" data-widget_type=\"text-editor.default\">\n\t\t\t\t\t\t\t\t\t<p data-start=\"311\" data-end=\"405\">Nous livrons dans tous les pays de l'Union europ\u00e9enne.<br data-start=\"362\" data-end=\"365\" \/>Tous les produits sont exp\u00e9di\u00e9s depuis la France.<\/p><p data-start=\"407\" data-end=\"505\">Les commandes sont exp\u00e9di\u00e9es dans un d\u00e9lai de <strong data-start=\"433\" data-end=\"454\">24 heures ouvrables<\/strong>, en fonction du d\u00e9lai de commande et de la disponibilit\u00e9 du produit.<\/p><p data-start=\"507\" data-end=\"711\">Pour garantir des prix d'exp\u00e9dition abordables, notre principale m\u00e9thode de livraison est l'envoi par <strong data-start=\"580\" data-end=\"597\">Mondial Relay<\/strong>, La mise en place de points d'enl\u00e8vement et de consignes pour les colis.<br data-start=\"638\" data-end=\"641\" \/>Des options de livraison \u00e0 domicile peuvent \u00e9galement \u00eatre disponibles en fonction de votre pays.<\/p><p data-start=\"713\" data-end=\"797\">Les transporteurs et les m\u00e9thodes de livraison disponibles peuvent varier en fonction de votre destination.<\/p><p data-start=\"799\" data-end=\"824\">D\u00e9lais de livraison estim\u00e9s :<\/p><ul data-start=\"825\" data-end=\"1003\"><li data-start=\"825\" data-end=\"883\"><p data-start=\"827\" data-end=\"883\"><strong data-start=\"827\" data-end=\"838\">France :<\/strong> g\u00e9n\u00e9ralement 2 \u00e0 3 jours ouvrables apr\u00e8s l'exp\u00e9dition<\/p><\/li><li data-start=\"884\" data-end=\"1003\"><p data-start=\"886\" data-end=\"1003\"><strong data-start=\"886\" data-end=\"905\">L'Union europ\u00e9enne :<\/strong> g\u00e9n\u00e9ralement 5 \u00e0 10 jours ouvrables apr\u00e8s l'exp\u00e9dition, en fonction de la distance et du mode de livraison choisi<\/p><\/li><\/ul><p data-start=\"1005\" data-end=\"1094\">Les d\u00e9lais de livraison sont indicatifs et peuvent varier en fonction du transporteur et de facteurs externes.<\/p><p data-start=\"1096\" data-end=\"1316\">Si aucune m\u00e9thode d'exp\u00e9dition n'est disponible pour votre pays au moment de la commande, veuillez contacter notre \u00e9quipe.<br data-start=\"1185\" data-end=\"1188\" \/>Il se peut que vous soyez l'un des premiers clients de votre pays, et nous configurerons la solution d'exp\u00e9dition appropri\u00e9e pour votre commande.<\/p><p data-start=\"1318\" data-end=\"1484\">Si vous rencontrez un probl\u00e8me ou un bogue lors du calcul des frais d'exp\u00e9dition ou du processus de paiement, veuillez le signaler afin que notre \u00e9quipe puisse r\u00e9soudre le probl\u00e8me le plus rapidement possible.<\/p>\t\t\t\t\t\t\t\t<\/div>\n\t\t\t\t\t<\/div>\n\t\t\t\t<\/div>\n\t\t\t\t<\/div>","protected":false},"excerpt":{"rendered":"<p>Shipping We ship to all countries within the European Union.All products are dispatched from France. Orders are shipped within 24 business hours, depending on order time and product availability. To ensure affordable shipping prices, our primary delivery method is via Mondial Relay, using pickup points and parcel lockers.Home delivery options may also be available depending [&hellip;]<\/p>","protected":false},"author":1,"featured_media":0,"parent":0,"menu_order":0,"comment_status":"closed","ping_status":"closed","template":"","meta":{"inline_featured_image":false,"footnotes":""},"folder":[],"class_list":["post-1413","page","type-page","status-publish","hentry"],"_links":{"self":[{"href":"https:\/\/dma-hack.com\/fr\/wp-json\/wp\/v2\/pages\/1413","targetHints":{"allow":["GET"]}}],"collection":[{"href":"https:\/\/dma-hack.com\/fr\/wp-json\/wp\/v2\/pages"}],"about":[{"href":"https:\/\/dma-hack.com\/fr\/wp-json\/wp\/v2\/types\/page"}],"author":[{"embeddable":true,"href":"https:\/\/dma-hack.com\/fr\/wp-json\/wp\/v2\/users\/1"}],"replies":[{"embeddable":true,"href":"https:\/\/dma-hack.com\/fr\/wp-json\/wp\/v2\/comments?post=1413"}],"version-history":[{"count":4,"href":"https:\/\/dma-hack.com\/fr\/wp-json\/wp\/v2\/pages\/1413\/revisions"}],"predecessor-version":[{"id":1501,"href":"https:\/\/dma-hack.com\/fr\/wp-json\/wp\/v2\/pages\/1413\/revisions\/1501"}],"wp:attachment":[{"href":"https:\/\/dma-hack.com\/fr\/wp-json\/wp\/v2\/media?parent=1413"}],"wp:term":[{"taxonomy":"folder","embeddable":true,"href":"https:\/\/dma-hack.com\/fr\/wp-json\/wp\/v2\/folder?post=1413"}],"curies":[{"name":"wp","href":"https:\/\/api.w.org\/{rel}","templated":true}]}}