{"id":1396,"date":"2026-01-25T19:17:17","date_gmt":"2026-01-25T19:17:17","guid":{"rendered":"https:\/\/dma-hack.com\/?page_id=1396"},"modified":"2026-01-25T20:53:24","modified_gmt":"2026-01-25T20:53:24","slug":"privacy-policy","status":"publish","type":"page","link":"https:\/\/dma-hack.com\/fr\/politique-de-confidentialite\/","title":{"rendered":"Politique de confidentialit\u00e9"},"content":{"rendered":"<div data-elementor-type=\"wp-page\" data-elementor-id=\"1396\" class=\"elementor elementor-1396\" data-elementor-post-type=\"page\">\n\t\t\t\t<div class=\"elementor-element elementor-element-c654206 e-flex e-con-boxed e-con e-parent\" data-id=\"c654206\" data-element_type=\"container\" data-e-type=\"container\" data-settings=\"{&quot;background_background&quot;:&quot;classic&quot;}\">\n\t\t\t\t\t<div class=\"e-con-inner\">\n\t\t\t\t<div class=\"elementor-element elementor-element-25397ad elementor-widget elementor-widget-heading\" data-id=\"25397ad\" data-element_type=\"widget\" data-e-type=\"widget\" data-widget_type=\"heading.default\">\n\t\t\t\t\t<h1 class=\"elementor-heading-title elementor-size-default\">Politique de confidentialit\u00e9<\/h1>\t\t\t\t<\/div>\n\t\t\t\t<div class=\"elementor-element elementor-element-527e6a4 elementor-widget elementor-widget-text-editor\" data-id=\"527e6a4\" data-element_type=\"widget\" data-e-type=\"widget\" data-widget_type=\"text-editor.default\">\n\t\t\t\t\t\t\t\t\t<h2 data-start=\"297\" data-end=\"319\"><strong data-start=\"300\" data-end=\"319\">1. Introduction<\/strong><\/h2><p data-start=\"321\" data-end=\"467\">Cette politique de confidentialit\u00e9 explique comment l'APSARA (\u201cnous\u201d, \u201cnotre\u201d, \u201cnos\u201d) recueille, utilise et prot\u00e8ge vos donn\u00e9es personnelles lorsque vous utilisez le site web dma-hack.com.<\/p><p data-start=\"469\" data-end=\"578\">Nous nous engageons \u00e0 prot\u00e9ger votre vie priv\u00e9e et \u00e0 nous conformer au r\u00e8glement g\u00e9n\u00e9ral sur la protection des donn\u00e9es (RGPD).<\/p><hr data-start=\"580\" data-end=\"583\" \/><h2 data-start=\"585\" data-end=\"610\"><strong data-start=\"588\" data-end=\"610\">2. Contr\u00f4leur de donn\u00e9es<\/strong><\/h2><p data-start=\"612\" data-end=\"635\">Le responsable du traitement des donn\u00e9es est :<\/p><p data-start=\"637\" data-end=\"827\"><strong data-start=\"637\" data-end=\"654\">Nom de l'entreprise :<\/strong> APSARA<br data-start=\"661\" data-end=\"664\" \/><strong data-start=\"664\" data-end=\"681\">Statut juridique :<\/strong> Travailleur ind\u00e9pendant (France)<br data-start=\"715\" data-end=\"718\" \/><strong data-start=\"718\" data-end=\"739\">Adresse professionnelle :<\/strong> 75 Avenue du 11 Novembre, 33290 Blanquefort, France<br data-start=\"791\" data-end=\"794\" \/><strong data-start=\"794\" data-end=\"804\">Courriel :<\/strong> <a class=\"decorated-link cursor-pointer\" rel=\"noopener\" data-start=\"805\" data-end=\"825\">contact@dma-hack.com<\/a><\/p><hr data-start=\"829\" data-end=\"832\" \/><h2 data-start=\"834\" data-end=\"867\"><strong data-start=\"837\" data-end=\"867\">3. Donn\u00e9es personnelles collect\u00e9es<\/strong><\/h2><p data-start=\"869\" data-end=\"912\">Nous pouvons collecter les donn\u00e9es personnelles suivantes :<\/p><ul data-start=\"914\" data-end=\"1163\"><li data-start=\"914\" data-end=\"962\"><p data-start=\"916\" data-end=\"962\">Informations sur l'identit\u00e9 (pr\u00e9nom, nom)<\/p><\/li><li data-start=\"963\" data-end=\"1028\"><p data-start=\"965\" data-end=\"1028\">Coordonn\u00e9es (adresse \u00e9lectronique, num\u00e9ro de t\u00e9l\u00e9phone, adresse postale)<\/p><\/li><li data-start=\"1029\" data-end=\"1065\"><p data-start=\"1031\" data-end=\"1065\">Informations relatives \u00e0 la facturation et \u00e0 l'exp\u00e9dition<\/p><\/li><li data-start=\"1066\" data-end=\"1104\"><p data-start=\"1068\" data-end=\"1104\">Historique des commandes et donn\u00e9es de transaction<\/p><\/li><li data-start=\"1105\" data-end=\"1136\"><p data-start=\"1107\" data-end=\"1136\">Adresse IP et donn\u00e9es du navigateur<\/p><\/li><li data-start=\"1137\" data-end=\"1163\"><p data-start=\"1139\" data-end=\"1163\">Cookies et donn\u00e9es d'utilisation<\/p><\/li><\/ul><p data-start=\"1165\" data-end=\"1270\">Les informations relatives au paiement sont trait\u00e9es directement par des fournisseurs de services de paiement s\u00e9curis\u00e9s et ne sont jamais stock\u00e9es sur nos serveurs.<\/p><hr data-start=\"1272\" data-end=\"1275\" \/><h2 data-start=\"1277\" data-end=\"1313\"><strong data-start=\"1280\" data-end=\"1313\">4. Finalit\u00e9 du traitement des donn\u00e9es<\/strong><\/h2><p data-start=\"1315\" data-end=\"1365\">Vos donn\u00e9es sont collect\u00e9es aux fins suivantes :<\/p><ul data-start=\"1367\" data-end=\"1579\"><li data-start=\"1367\" data-end=\"1403\"><p data-start=\"1369\" data-end=\"1403\">Traitement et ex\u00e9cution des commandes<\/p><\/li><li data-start=\"1404\" data-end=\"1426\"><p data-start=\"1406\" data-end=\"1426\">Traitement des paiements<\/p><\/li><li data-start=\"1427\" data-end=\"1453\"><p data-start=\"1429\" data-end=\"1453\">Livraison et logistique<\/p><\/li><li data-start=\"1454\" data-end=\"1492\"><p data-start=\"1456\" data-end=\"1492\">Soutien \u00e0 la client\u00e8le et communication<\/p><\/li><li data-start=\"1493\" data-end=\"1529\"><p data-start=\"1495\" data-end=\"1529\">Obligations l\u00e9gales et comptables<\/p><\/li><li data-start=\"1530\" data-end=\"1579\"><p data-start=\"1532\" data-end=\"1579\">S\u00e9curit\u00e9 du site web et optimisation des performances<\/p><\/li><\/ul><hr data-start=\"1581\" data-end=\"1584\" \/><h2 data-start=\"1586\" data-end=\"1622\"><strong data-start=\"1589\" data-end=\"1622\">5. Base juridique du traitement<\/strong><\/h2><p data-start=\"1624\" data-end=\"1654\">Nous traitons vos donn\u00e9es sur la base de :<\/p><ul data-start=\"1656\" data-end=\"1882\"><li data-start=\"1656\" data-end=\"1704\"><p data-start=\"1658\" data-end=\"1704\">Ex\u00e9cution d'un contrat (traitement des commandes)<\/p><\/li><li data-start=\"1705\" data-end=\"1750\"><p data-start=\"1707\" data-end=\"1750\">Obligations l\u00e9gales (comptabilit\u00e9, facturation)<\/p><\/li><li data-start=\"1751\" data-end=\"1824\"><p data-start=\"1753\" data-end=\"1824\">Int\u00e9r\u00eat l\u00e9gitime (s\u00e9curit\u00e9, pr\u00e9vention de la fraude, am\u00e9lioration du service)<\/p><\/li><li data-start=\"1825\" data-end=\"1882\"><p data-start=\"1827\" data-end=\"1882\">Consentement (cookies et communications marketing facultatives)<\/p><\/li><\/ul><hr data-start=\"1884\" data-end=\"1887\" \/><h2 data-start=\"1889\" data-end=\"1914\"><strong data-start=\"1892\" data-end=\"1914\">6. Destinataires des donn\u00e9es<\/strong><\/h2><p data-start=\"1916\" data-end=\"1945\">Vos donn\u00e9es peuvent \u00eatre partag\u00e9es avec :<\/p><ul data-start=\"1947\" data-end=\"2156\"><li data-start=\"1947\" data-end=\"2004\"><p data-start=\"1949\" data-end=\"2004\">Prestataires de paiement (Stripe, PayPal, Klarna si activ\u00e9)<\/p><\/li><li data-start=\"2005\" data-end=\"2040\"><p data-start=\"2007\" data-end=\"2040\">Partenaires d'exp\u00e9dition et de logistique<\/p><\/li><li data-start=\"2041\" data-end=\"2073\"><p data-start=\"2043\" data-end=\"2073\">Fournisseur d'h\u00e9bergement (Hostinger)<\/p><\/li><li data-start=\"2074\" data-end=\"2111\"><p data-start=\"2076\" data-end=\"2111\">Fournisseurs de services informatiques et de s\u00e9curit\u00e9<\/p><\/li><li data-start=\"2112\" data-end=\"2156\"><p data-start=\"2114\" data-end=\"2156\">Autorit\u00e9s publiques lorsque la loi l'exige<\/p><\/li><\/ul><p data-start=\"2158\" data-end=\"2194\">Les donn\u00e9es ne sont jamais vendues \u00e0 des tiers.<\/p><hr data-start=\"2196\" data-end=\"2199\" \/><h2 data-start=\"2201\" data-end=\"2225\"><strong data-start=\"2204\" data-end=\"2225\">7. Conservation des donn\u00e9es<\/strong><\/h2><p data-start=\"2227\" data-end=\"2361\">Les donn\u00e9es \u00e0 caract\u00e8re personnel ne sont conserv\u00e9es que pour la dur\u00e9e n\u00e9cessaire \u00e0 la r\u00e9alisation des objectifs d\u00e9crits ci-dessus et au respect des obligations l\u00e9gales.<\/p><p data-start=\"2363\" data-end=\"2444\">Les donn\u00e9es comptables peuvent \u00eatre conserv\u00e9es jusqu'\u00e0 10 ans conform\u00e9ment \u00e0 la loi fran\u00e7aise.<\/p><hr data-start=\"2446\" data-end=\"2449\" \/><h2 data-start=\"2451\" data-end=\"2474\"><strong data-start=\"2454\" data-end=\"2474\">8. S\u00e9curit\u00e9 des donn\u00e9es<\/strong><\/h2><p data-start=\"2476\" data-end=\"2630\">Nous mettons en \u0153uvre des mesures techniques et organisationnelles appropri\u00e9es pour prot\u00e9ger vos donn\u00e9es personnelles contre l'acc\u00e8s non autoris\u00e9, la perte, l'alt\u00e9ration ou la divulgation.<\/p><hr data-start=\"2632\" data-end=\"2635\" \/><h2 data-start=\"2637\" data-end=\"2658\"><strong data-start=\"2640\" data-end=\"2658\">9. Vos droits<\/strong><\/h2><p data-start=\"2660\" data-end=\"2698\">En vertu du GDPR, vous avez le droit de :<\/p><ul data-start=\"2700\" data-end=\"2887\"><li data-start=\"2700\" data-end=\"2729\"><p data-start=\"2702\" data-end=\"2729\">Acc\u00e9der \u00e0 vos donn\u00e9es personnelles<\/p><\/li><li data-start=\"2730\" data-end=\"2757\"><p data-start=\"2732\" data-end=\"2757\">Rectifier les donn\u00e9es inexactes<\/p><\/li><li data-start=\"2758\" data-end=\"2791\"><p data-start=\"2760\" data-end=\"2791\">Demander la suppression de vos donn\u00e9es<\/p><\/li><li data-start=\"2792\" data-end=\"2828\"><p data-start=\"2794\" data-end=\"2828\">Restreindre le traitement ou s'y opposer<\/p><\/li><li data-start=\"2829\" data-end=\"2849\"><p data-start=\"2831\" data-end=\"2849\">Portabilit\u00e9 des donn\u00e9es<\/p><\/li><li data-start=\"2850\" data-end=\"2887\"><p data-start=\"2852\" data-end=\"2887\">Retirer son consentement \u00e0 tout moment<\/p><\/li><\/ul><p data-start=\"2889\" data-end=\"2957\">Vous pouvez exercer vos droits en contactant <strong data-start=\"2933\" data-end=\"2957\"><a class=\"decorated-link cursor-pointer\" rel=\"noopener\" data-start=\"2935\" data-end=\"2955\">contact@dma-hack.com<\/a><\/strong><\/p><hr data-start=\"2959\" data-end=\"2962\" \/><h2 data-start=\"2964\" data-end=\"2982\"><strong data-start=\"2967\" data-end=\"2982\">10. Cookies<\/strong><\/h2><p data-start=\"2984\" data-end=\"3083\">Ce site web utilise des cookies pour garantir une bonne fonctionnalit\u00e9, am\u00e9liorer les performances et analyser le trafic.<\/p><p data-start=\"3085\" data-end=\"3182\">Vous pouvez g\u00e9rer ou d\u00e9sactiver les cookies par le biais des param\u00e8tres de votre navigateur ou de la banni\u00e8re de consentement aux cookies.<\/p><hr data-start=\"3184\" data-end=\"3187\" \/><h2 data-start=\"3189\" data-end=\"3223\"><strong data-start=\"3192\" data-end=\"3223\">11. Transferts internationaux<\/strong><\/h2><p data-start=\"3225\" data-end=\"3386\">Certains fournisseurs de services peuvent traiter des donn\u00e9es en dehors de l'Union europ\u00e9enne.<br data-start=\"3292\" data-end=\"3295\" \/>Dans de tels cas, des garanties appropri\u00e9es sont mises en \u0153uvre conform\u00e9ment aux exigences du GDPR.<\/p><hr data-start=\"3388\" data-end=\"3391\" \/><h2 data-start=\"3393\" data-end=\"3426\"><strong data-start=\"3396\" data-end=\"3426\">12. Modifications de la pr\u00e9sente politique<\/strong><\/h2><p data-start=\"3428\" data-end=\"3533\">Nous nous r\u00e9servons le droit de mettre \u00e0 jour cette politique de confidentialit\u00e9 \u00e0 tout moment.<br data-start=\"3491\" data-end=\"3494\" \/>Les modifications seront publi\u00e9es sur cette page.<\/p><hr data-start=\"3535\" data-end=\"3538\" \/><h2 data-start=\"3540\" data-end=\"3558\"><strong data-start=\"3543\" data-end=\"3558\">13. Contact<\/strong><\/h2><p data-start=\"3560\" data-end=\"3646\">Pour toute question concernant la pr\u00e9sente politique de confidentialit\u00e9 ou vos donn\u00e9es personnelles, veuillez contacter :<\/p><p data-start=\"3648\" data-end=\"3675\">\ud83d\udce7 <strong data-start=\"3651\" data-end=\"3675\"><a class=\"decorated-link cursor-pointer\" rel=\"noopener\" data-start=\"3653\" data-end=\"3673\">contact@dma-hack.com<\/a><\/strong><\/p>\t\t\t\t\t\t\t\t<\/div>\n\t\t\t\t\t<\/div>\n\t\t\t\t<\/div>\n\t\t\t\t<\/div>","protected":false},"excerpt":{"rendered":"<p>Privacy Policy 1. Introduction This Privacy Policy explains how APSARA (\u201cwe\u201d, \u201cus\u201d, \u201cour\u201d) collects, uses, and protects your personal data when you use the website dma-hack.com. We are committed to protecting your privacy and complying with the General Data Protection Regulation (GDPR). 2. Data Controller The data controller is: Company name: APSARALegal status: Self-employed individual [&hellip;]<\/p>","protected":false},"author":1,"featured_media":0,"parent":0,"menu_order":0,"comment_status":"closed","ping_status":"closed","template":"","meta":{"inline_featured_image":false,"footnotes":""},"folder":[],"class_list":["post-1396","page","type-page","status-publish","hentry"],"_links":{"self":[{"href":"https:\/\/dma-hack.com\/fr\/wp-json\/wp\/v2\/pages\/1396","targetHints":{"allow":["GET"]}}],"collection":[{"href":"https:\/\/dma-hack.com\/fr\/wp-json\/wp\/v2\/pages"}],"about":[{"href":"https:\/\/dma-hack.com\/fr\/wp-json\/wp\/v2\/types\/page"}],"author":[{"embeddable":true,"href":"https:\/\/dma-hack.com\/fr\/wp-json\/wp\/v2\/users\/1"}],"replies":[{"embeddable":true,"href":"https:\/\/dma-hack.com\/fr\/wp-json\/wp\/v2\/comments?post=1396"}],"version-history":[{"count":4,"href":"https:\/\/dma-hack.com\/fr\/wp-json\/wp\/v2\/pages\/1396\/revisions"}],"predecessor-version":[{"id":1432,"href":"https:\/\/dma-hack.com\/fr\/wp-json\/wp\/v2\/pages\/1396\/revisions\/1432"}],"wp:attachment":[{"href":"https:\/\/dma-hack.com\/fr\/wp-json\/wp\/v2\/media?parent=1396"}],"wp:term":[{"taxonomy":"folder","embeddable":true,"href":"https:\/\/dma-hack.com\/fr\/wp-json\/wp\/v2\/folder?post=1396"}],"curies":[{"name":"wp","href":"https:\/\/api.w.org\/{rel}","templated":true}]}}