{"id":1382,"date":"2026-01-25T18:58:45","date_gmt":"2026-01-25T18:58:45","guid":{"rendered":"https:\/\/dma-hack.com\/?page_id=1382"},"modified":"2026-01-25T19:02:31","modified_gmt":"2026-01-25T19:02:31","slug":"legal-notice","status":"publish","type":"page","link":"https:\/\/dma-hack.com\/fr\/avis-juridique\/","title":{"rendered":"Mentions l\u00e9gales"},"content":{"rendered":"<div data-elementor-type=\"wp-page\" data-elementor-id=\"1382\" class=\"elementor elementor-1382\" data-elementor-post-type=\"page\">\n\t\t\t\t<div class=\"elementor-element elementor-element-c654206 e-flex e-con-boxed e-con e-parent\" data-id=\"c654206\" data-element_type=\"container\" data-e-type=\"container\" data-settings=\"{&quot;background_background&quot;:&quot;classic&quot;}\">\n\t\t\t\t\t<div class=\"e-con-inner\">\n\t\t\t\t<div class=\"elementor-element elementor-element-25397ad elementor-widget elementor-widget-heading\" data-id=\"25397ad\" data-element_type=\"widget\" data-e-type=\"widget\" data-widget_type=\"heading.default\">\n\t\t\t\t\t<h1 class=\"elementor-heading-title elementor-size-default\">AVIS JURIDIQUE<\/h1>\t\t\t\t<\/div>\n\t\t\t\t<div class=\"elementor-element elementor-element-527e6a4 elementor-widget elementor-widget-text-editor\" data-id=\"527e6a4\" data-element_type=\"widget\" data-e-type=\"widget\" data-widget_type=\"text-editor.default\">\n\t\t\t\t\t\t\t\t\t<h2 data-start=\"155\" data-end=\"182\"><strong data-start=\"158\" data-end=\"182\">1. \u00c9diteur de sites web<\/strong><\/h2><p data-start=\"184\" data-end=\"432\"><strong data-start=\"184\" data-end=\"201\">Nom de l'entreprise :<\/strong> APSARA<br data-start=\"208\" data-end=\"211\" \/><strong data-start=\"211\" data-end=\"228\">Statut juridique :<\/strong> Travailleur ind\u00e9pendant (France)<br data-start=\"262\" data-end=\"265\" \/><strong data-start=\"265\" data-end=\"286\">Adresse professionnelle :<\/strong> 75 Avenue du 11 Novembre, Blanquefort 33290, France<br data-start=\"338\" data-end=\"341\" \/><strong data-start=\"341\" data-end=\"351\">Courriel :<\/strong> <a class=\"decorated-link cursor-pointer\" rel=\"noopener\" data-start=\"352\" data-end=\"372\">contact@dma-hack.com<\/a><br data-start=\"372\" data-end=\"375\" \/><strong data-start=\"375\" data-end=\"415\">Num\u00e9ro d'immatriculation de l'entreprise (SIRET) :<\/strong> 99059879900015<\/p><hr data-start=\"434\" data-end=\"437\" \/><h2 data-start=\"439\" data-end=\"468\"><strong data-start=\"442\" data-end=\"468\">2. Directeur de la publication<\/strong><\/h2><p data-start=\"470\" data-end=\"493\">Non divulgu\u00e9 publiquement.<\/p><hr data-start=\"495\" data-end=\"498\" \/><h2 data-start=\"500\" data-end=\"526\"><strong data-start=\"503\" data-end=\"526\">3. Fournisseur d'h\u00e9bergement<\/strong><\/h2><p data-start=\"528\" data-end=\"691\"><strong data-start=\"528\" data-end=\"549\">Fournisseur d'h\u00e9bergement :<\/strong> Hostinger International Ltd.<br data-start=\"578\" data-end=\"581\" \/><strong data-start=\"581\" data-end=\"601\">Adresse d'h\u00e9bergement :<\/strong> 61 Lordou Vironos Street, 6023 Larnaca, Chypre<br data-start=\"648\" data-end=\"651\" \/><strong data-start=\"651\" data-end=\"663\">Site web :<\/strong> <a class=\"decorated-link\" href=\"https:\/\/www.hostinger.com\" target=\"_new\" rel=\"noopener\" data-start=\"664\" data-end=\"689\">https:\/\/www.hostinger.com<\/a><\/p><hr data-start=\"693\" data-end=\"696\" \/><h2 data-start=\"698\" data-end=\"729\"><strong data-start=\"701\" data-end=\"729\">4. Propri\u00e9t\u00e9 intellectuelle<\/strong><\/h2><p data-start=\"731\" data-end=\"1025\">Tout le contenu disponible sur ce site web (y compris les textes, images, logos, graphiques, marques, structure et mise en page) est prot\u00e9g\u00e9 par les lois sur la propri\u00e9t\u00e9 intellectuelle.<br data-start=\"889\" data-end=\"892\" \/>Toute reproduction, distribution, modification ou utilisation, en tout ou en partie, sans autorisation \u00e9crite pr\u00e9alable est strictement interdite.<\/p><hr data-start=\"1027\" data-end=\"1030\" \/><h2 data-start=\"1032\" data-end=\"1051\"><strong data-start=\"1035\" data-end=\"1051\">5. Responsabilit\u00e9<\/strong><\/h2><p data-start=\"1053\" data-end=\"1296\">L'\u00e9diteur s'efforce de fournir des informations exactes et \u00e0 jour, mais ne peut \u00eatre tenu responsable de tout dommage direct ou indirect r\u00e9sultant de l'utilisation du site web, de probl\u00e8mes techniques, d'interruptions de service ou d'\u00e9ventuelles erreurs dans le contenu.<\/p><hr data-start=\"1298\" data-end=\"1301\" \/><h2 data-start=\"1303\" data-end=\"1327\"><strong data-start=\"1306\" data-end=\"1327\">6. Droit applicable<\/strong><\/h2><p data-start=\"1329\" data-end=\"1452\">Les pr\u00e9sentes mentions l\u00e9gales sont r\u00e9gies par le droit fran\u00e7ais.<br data-start=\"1376\" data-end=\"1379\" \/>Tout litige est soumis \u00e0 la juridiction des tribunaux comp\u00e9tents.<\/p>\t\t\t\t\t\t\t\t<\/div>\n\t\t\t\t\t<\/div>\n\t\t\t\t<\/div>\n\t\t\t\t<\/div>","protected":false},"excerpt":{"rendered":"<p>LEGAL NOTICE 1. Website Publisher Company name: APSARALegal status: Self-employed individual (France)Business address: 75 Avenue du 11 Novembre, Blanquefort 33290, FranceEmail: contact@dma-hack.comCompany registration number (SIRET): 99059879900015 2. Publishing Director Not publicly disclosed. 3. Hosting Provider Hosting provider: Hostinger International Ltd.Hosting address: 61 Lordou Vironos Street, 6023 Larnaca, CyprusWebsite: https:\/\/www.hostinger.com 4. Intellectual Property All content available [&hellip;]<\/p>","protected":false},"author":1,"featured_media":0,"parent":0,"menu_order":0,"comment_status":"closed","ping_status":"closed","template":"","meta":{"inline_featured_image":false,"footnotes":""},"folder":[],"class_list":["post-1382","page","type-page","status-publish","hentry"],"_links":{"self":[{"href":"https:\/\/dma-hack.com\/fr\/wp-json\/wp\/v2\/pages\/1382","targetHints":{"allow":["GET"]}}],"collection":[{"href":"https:\/\/dma-hack.com\/fr\/wp-json\/wp\/v2\/pages"}],"about":[{"href":"https:\/\/dma-hack.com\/fr\/wp-json\/wp\/v2\/types\/page"}],"author":[{"embeddable":true,"href":"https:\/\/dma-hack.com\/fr\/wp-json\/wp\/v2\/users\/1"}],"replies":[{"embeddable":true,"href":"https:\/\/dma-hack.com\/fr\/wp-json\/wp\/v2\/comments?post=1382"}],"version-history":[{"count":6,"href":"https:\/\/dma-hack.com\/fr\/wp-json\/wp\/v2\/pages\/1382\/revisions"}],"predecessor-version":[{"id":1388,"href":"https:\/\/dma-hack.com\/fr\/wp-json\/wp\/v2\/pages\/1382\/revisions\/1388"}],"wp:attachment":[{"href":"https:\/\/dma-hack.com\/fr\/wp-json\/wp\/v2\/media?parent=1382"}],"wp:term":[{"taxonomy":"folder","embeddable":true,"href":"https:\/\/dma-hack.com\/fr\/wp-json\/wp\/v2\/folder?post=1382"}],"curies":[{"name":"wp","href":"https:\/\/api.w.org\/{rel}","templated":true}]}}